{"id":1859,"date":"2024-05-25T06:01:03","date_gmt":"2024-05-25T06:01:03","guid":{"rendered":"https:\/\/solvo-world.com\/soluciones\/solvo-tms\/"},"modified":"2026-03-12T07:52:25","modified_gmt":"2026-03-12T07:52:25","slug":"solvo-tms","status":"publish","type":"page","link":"https:\/\/solvo-world.com\/es\/soluciones\/solvo-tms\/","title":{"rendered":"Solvo.TMS"},"content":{"rendered":"<p><b>Automatiza y optimiza la entrega de \u00faltima milla con Solvo.TMS. <\/b>Utilizando tecnolog\u00edas basadas en IA y Big Data, Solvo.TMS automatiza las operaciones de \u00faltima milla. Con la optimizaci\u00f3n de rutas y el seguimiento de entregas en tiempo real, garantiza la transparencia de los procesos y reduce significativamente los costos log\u00edsticos.<\/p>\n","protected":false},"excerpt":{"rendered":"<p>Automatiza y optimiza la entrega de \u00faltima milla con Solvo.TMS. Utilizando tecnolog\u00edas basadas en IA y Big Data, Solvo.TMS automatiza las operaciones de \u00faltima milla. Con la optimizaci\u00f3n de rutas y el seguimiento de entregas en tiempo real, garantiza la transparencia de los procesos y reduce significativamente los costos log\u00edsticos.<\/p>\n","protected":false},"author":2,"featured_media":1668,"parent":1854,"menu_order":3,"comment_status":"closed","ping_status":"closed","template":"template-flexible.php","meta":{"inline_featured_image":false,"footnotes":""},"class_list":["post-1859","page","type-page","status-publish","has-post-thumbnail","hentry"],"yoast_head":"<!-- This site is optimized with the Yoast SEO plugin v25.5 - https:\/\/yoast.com\/wordpress\/plugins\/seo\/ -->\n<title>Solvo.TMS | Solvo World<\/title>\n<meta name=\"description\" content=\"Optimiza la entrega de \u00faltima milla con Solvo.TMS: rutas inteligentes, seguimiento en tiempo real y reducci\u00f3n de costos log\u00edsticos.\" \/>\n<meta name=\"robots\" content=\"index, follow, max-snippet:-1, max-image-preview:large, max-video-preview:-1\" \/>\n<link rel=\"canonical\" href=\"https:\/\/solvo-world.com\/es\/soluciones\/solvo-tms\/\" \/>\n<meta property=\"og:locale\" content=\"es_ES\" \/>\n<meta property=\"og:type\" content=\"article\" \/>\n<meta property=\"og:title\" content=\"Solvo.TMS | Solvo World\" \/>\n<meta property=\"og:description\" content=\"Optimiza la entrega de \u00faltima milla con Solvo.TMS: rutas inteligentes, seguimiento en tiempo real y reducci\u00f3n de costos log\u00edsticos.\" \/>\n<meta property=\"og:url\" content=\"https:\/\/solvo-world.com\/es\/soluciones\/solvo-tms\/\" \/>\n<meta property=\"og:site_name\" content=\"Solvo World\" \/>\n<meta property=\"article:modified_time\" content=\"2026-03-12T07:52:25+00:00\" \/>\n<meta property=\"og:image\" content=\"https:\/\/solvo-world.com\/wp-content\/uploads\/2025\/01\/getty-images-xfcSqXx85M4-unsplash-1760\u0445800.webp\" \/>\n\t<meta property=\"og:image:width\" content=\"1760\" \/>\n\t<meta property=\"og:image:height\" content=\"800\" \/>\n\t<meta property=\"og:image:type\" content=\"image\/webp\" \/>\n<meta name=\"twitter:card\" content=\"summary_large_image\" \/>\n<meta name=\"twitter:label1\" content=\"Tiempo de lectura\" \/>\n\t<meta name=\"twitter:data1\" content=\"1 minuto\" \/>\n<script type=\"application\/ld+json\" class=\"yoast-schema-graph\">{\"@context\":\"https:\/\/schema.org\",\"@graph\":[{\"@type\":\"WebPage\",\"@id\":\"https:\/\/solvo-world.com\/es\/soluciones\/solvo-tms\/\",\"url\":\"https:\/\/solvo-world.com\/es\/soluciones\/solvo-tms\/\",\"name\":\"Solvo.TMS | Solvo World\",\"isPartOf\":{\"@id\":\"http:\/\/solvo-world.com\/es\/#website\"},\"primaryImageOfPage\":{\"@id\":\"https:\/\/solvo-world.com\/es\/soluciones\/solvo-tms\/#primaryimage\"},\"image\":{\"@id\":\"https:\/\/solvo-world.com\/es\/soluciones\/solvo-tms\/#primaryimage\"},\"thumbnailUrl\":\"https:\/\/solvo-world.com\/wp-content\/uploads\/2025\/01\/getty-images-xfcSqXx85M4-unsplash-1760\u0445800.webp\",\"datePublished\":\"2024-05-25T06:01:03+00:00\",\"dateModified\":\"2026-03-12T07:52:25+00:00\",\"description\":\"Optimiza la entrega de \u00faltima milla con Solvo.TMS: rutas inteligentes, seguimiento en tiempo real y reducci\u00f3n de costos log\u00edsticos.\",\"breadcrumb\":{\"@id\":\"https:\/\/solvo-world.com\/es\/soluciones\/solvo-tms\/#breadcrumb\"},\"inLanguage\":\"es\",\"potentialAction\":[{\"@type\":\"ReadAction\",\"target\":[\"https:\/\/solvo-world.com\/es\/soluciones\/solvo-tms\/\"]}]},{\"@type\":\"ImageObject\",\"inLanguage\":\"es\",\"@id\":\"https:\/\/solvo-world.com\/es\/soluciones\/solvo-tms\/#primaryimage\",\"url\":\"https:\/\/solvo-world.com\/wp-content\/uploads\/2025\/01\/getty-images-xfcSqXx85M4-unsplash-1760\u0445800.webp\",\"contentUrl\":\"https:\/\/solvo-world.com\/wp-content\/uploads\/2025\/01\/getty-images-xfcSqXx85M4-unsplash-1760\u0445800.webp\",\"width\":1760,\"height\":800},{\"@type\":\"BreadcrumbList\",\"@id\":\"https:\/\/solvo-world.com\/es\/soluciones\/solvo-tms\/#breadcrumb\",\"itemListElement\":[{\"@type\":\"ListItem\",\"position\":1,\"name\":\"Inicio\",\"item\":\"http:\/\/solvo-world.com\/es\/\"},{\"@type\":\"ListItem\",\"position\":2,\"name\":\"Soluciones\",\"item\":\"http:\/\/solvo-world.com\/es\/soluciones\/\"},{\"@type\":\"ListItem\",\"position\":3,\"name\":\"Solvo.TMS\"}]},{\"@type\":\"WebSite\",\"@id\":\"http:\/\/solvo-world.com\/es\/#website\",\"url\":\"http:\/\/solvo-world.com\/es\/\",\"name\":\"Solvo World\",\"description\":\"\",\"publisher\":{\"@id\":\"http:\/\/solvo-world.com\/es\/#organization\"},\"potentialAction\":[{\"@type\":\"SearchAction\",\"target\":{\"@type\":\"EntryPoint\",\"urlTemplate\":\"http:\/\/solvo-world.com\/es\/?s={search_term_string}\"},\"query-input\":{\"@type\":\"PropertyValueSpecification\",\"valueRequired\":true,\"valueName\":\"search_term_string\"}}],\"inLanguage\":\"es\"},{\"@type\":\"Organization\",\"@id\":\"http:\/\/solvo-world.com\/es\/#organization\",\"name\":\"Solvo World\",\"url\":\"http:\/\/solvo-world.com\/es\/\",\"logo\":{\"@type\":\"ImageObject\",\"inLanguage\":\"es\",\"@id\":\"http:\/\/solvo-world.com\/es\/#\/schema\/logo\/image\/\",\"url\":\"https:\/\/solvo-world.com\/wp-content\/uploads\/2024\/07\/solvo-logo.svg\",\"contentUrl\":\"https:\/\/solvo-world.com\/wp-content\/uploads\/2024\/07\/solvo-logo.svg\",\"width\":149,\"height\":49,\"caption\":\"Solvo World\"},\"image\":{\"@id\":\"http:\/\/solvo-world.com\/es\/#\/schema\/logo\/image\/\"}}]}<\/script>\n<!-- \/ Yoast SEO plugin. -->","yoast_head_json":{"title":"Solvo.TMS | Solvo World","description":"Optimiza la entrega de \u00faltima milla con Solvo.TMS: rutas inteligentes, seguimiento en tiempo real y reducci\u00f3n de costos log\u00edsticos.","robots":{"index":"index","follow":"follow","max-snippet":"max-snippet:-1","max-image-preview":"max-image-preview:large","max-video-preview":"max-video-preview:-1"},"canonical":"https:\/\/solvo-world.com\/es\/soluciones\/solvo-tms\/","og_locale":"es_ES","og_type":"article","og_title":"Solvo.TMS | Solvo World","og_description":"Optimiza la entrega de \u00faltima milla con Solvo.TMS: rutas inteligentes, seguimiento en tiempo real y reducci\u00f3n de costos log\u00edsticos.","og_url":"https:\/\/solvo-world.com\/es\/soluciones\/solvo-tms\/","og_site_name":"Solvo World","article_modified_time":"2026-03-12T07:52:25+00:00","og_image":[{"width":1760,"height":800,"url":"https:\/\/solvo-world.com\/wp-content\/uploads\/2025\/01\/getty-images-xfcSqXx85M4-unsplash-1760\u0445800.webp","type":"image\/webp"}],"twitter_card":"summary_large_image","twitter_misc":{"Tiempo de lectura":"1 minuto"},"schema":{"@context":"https:\/\/schema.org","@graph":[{"@type":"WebPage","@id":"https:\/\/solvo-world.com\/es\/soluciones\/solvo-tms\/","url":"https:\/\/solvo-world.com\/es\/soluciones\/solvo-tms\/","name":"Solvo.TMS | Solvo World","isPartOf":{"@id":"http:\/\/solvo-world.com\/es\/#website"},"primaryImageOfPage":{"@id":"https:\/\/solvo-world.com\/es\/soluciones\/solvo-tms\/#primaryimage"},"image":{"@id":"https:\/\/solvo-world.com\/es\/soluciones\/solvo-tms\/#primaryimage"},"thumbnailUrl":"https:\/\/solvo-world.com\/wp-content\/uploads\/2025\/01\/getty-images-xfcSqXx85M4-unsplash-1760\u0445800.webp","datePublished":"2024-05-25T06:01:03+00:00","dateModified":"2026-03-12T07:52:25+00:00","description":"Optimiza la entrega de \u00faltima milla con Solvo.TMS: rutas inteligentes, seguimiento en tiempo real y reducci\u00f3n de costos log\u00edsticos.","breadcrumb":{"@id":"https:\/\/solvo-world.com\/es\/soluciones\/solvo-tms\/#breadcrumb"},"inLanguage":"es","potentialAction":[{"@type":"ReadAction","target":["https:\/\/solvo-world.com\/es\/soluciones\/solvo-tms\/"]}]},{"@type":"ImageObject","inLanguage":"es","@id":"https:\/\/solvo-world.com\/es\/soluciones\/solvo-tms\/#primaryimage","url":"https:\/\/solvo-world.com\/wp-content\/uploads\/2025\/01\/getty-images-xfcSqXx85M4-unsplash-1760\u0445800.webp","contentUrl":"https:\/\/solvo-world.com\/wp-content\/uploads\/2025\/01\/getty-images-xfcSqXx85M4-unsplash-1760\u0445800.webp","width":1760,"height":800},{"@type":"BreadcrumbList","@id":"https:\/\/solvo-world.com\/es\/soluciones\/solvo-tms\/#breadcrumb","itemListElement":[{"@type":"ListItem","position":1,"name":"Inicio","item":"http:\/\/solvo-world.com\/es\/"},{"@type":"ListItem","position":2,"name":"Soluciones","item":"http:\/\/solvo-world.com\/es\/soluciones\/"},{"@type":"ListItem","position":3,"name":"Solvo.TMS"}]},{"@type":"WebSite","@id":"http:\/\/solvo-world.com\/es\/#website","url":"http:\/\/solvo-world.com\/es\/","name":"Solvo World","description":"","publisher":{"@id":"http:\/\/solvo-world.com\/es\/#organization"},"potentialAction":[{"@type":"SearchAction","target":{"@type":"EntryPoint","urlTemplate":"http:\/\/solvo-world.com\/es\/?s={search_term_string}"},"query-input":{"@type":"PropertyValueSpecification","valueRequired":true,"valueName":"search_term_string"}}],"inLanguage":"es"},{"@type":"Organization","@id":"http:\/\/solvo-world.com\/es\/#organization","name":"Solvo World","url":"http:\/\/solvo-world.com\/es\/","logo":{"@type":"ImageObject","inLanguage":"es","@id":"http:\/\/solvo-world.com\/es\/#\/schema\/logo\/image\/","url":"https:\/\/solvo-world.com\/wp-content\/uploads\/2024\/07\/solvo-logo.svg","contentUrl":"https:\/\/solvo-world.com\/wp-content\/uploads\/2024\/07\/solvo-logo.svg","width":149,"height":49,"caption":"Solvo World"},"image":{"@id":"http:\/\/solvo-world.com\/es\/#\/schema\/logo\/image\/"}}]}},"_links":{"self":[{"href":"https:\/\/solvo-world.com\/es\/wp-json\/wp\/v2\/pages\/1859","targetHints":{"allow":["GET"]}}],"collection":[{"href":"https:\/\/solvo-world.com\/es\/wp-json\/wp\/v2\/pages"}],"about":[{"href":"https:\/\/solvo-world.com\/es\/wp-json\/wp\/v2\/types\/page"}],"author":[{"embeddable":true,"href":"https:\/\/solvo-world.com\/es\/wp-json\/wp\/v2\/users\/2"}],"replies":[{"embeddable":true,"href":"https:\/\/solvo-world.com\/es\/wp-json\/wp\/v2\/comments?post=1859"}],"version-history":[{"count":8,"href":"https:\/\/solvo-world.com\/es\/wp-json\/wp\/v2\/pages\/1859\/revisions"}],"predecessor-version":[{"id":3066,"href":"https:\/\/solvo-world.com\/es\/wp-json\/wp\/v2\/pages\/1859\/revisions\/3066"}],"up":[{"embeddable":true,"href":"https:\/\/solvo-world.com\/es\/wp-json\/wp\/v2\/pages\/1854"}],"wp:featuredmedia":[{"embeddable":true,"href":"https:\/\/solvo-world.com\/es\/wp-json\/wp\/v2\/media\/1668"}],"wp:attachment":[{"href":"https:\/\/solvo-world.com\/es\/wp-json\/wp\/v2\/media?parent=1859"}],"curies":[{"name":"wp","href":"https:\/\/api.w.org\/{rel}","templated":true}]}}