{"id":1854,"date":"2024-07-29T10:47:43","date_gmt":"2024-07-29T10:47:43","guid":{"rendered":"https:\/\/solvo-world.com\/soluciones\/"},"modified":"2025-12-08T03:02:56","modified_gmt":"2025-12-08T03:02:56","slug":"soluciones","status":"publish","type":"page","link":"http:\/\/solvo-world.com\/es\/soluciones\/","title":{"rendered":"Soluciones"},"content":{"rendered":"<p>Soluciones inform\u00e1ticas propias para puertos mar\u00edtimos y fluviales, terminales ferroviarias, instalaciones de transbordo, proveedores 3PL, fabricantes, distribuidores, etc.<\/p>\n","protected":false},"excerpt":{"rendered":"<p>Soluciones inform\u00e1ticas propias para puertos mar\u00edtimos y fluviales, terminales ferroviarias, instalaciones de transbordo, proveedores 3PL, fabricantes, distribuidores, etc.<\/p>\n","protected":false},"author":1,"featured_media":1565,"parent":0,"menu_order":1,"comment_status":"closed","ping_status":"closed","template":"template-solution.php","meta":{"inline_featured_image":false,"footnotes":""},"class_list":["post-1854","page","type-page","status-publish","has-post-thumbnail","hentry"],"yoast_head":"<!-- This site is optimized with the Yoast SEO plugin v25.5 - https:\/\/yoast.com\/wordpress\/plugins\/seo\/ -->\n<title>Soluciones | Solvo World<\/title>\n<meta name=\"description\" content=\"Optimiza tu log\u00edstica con las soluciones de SOLVO: gesti\u00f3n de terminales, almacenes y patios con precisi\u00f3n, eficacia y total transparencia.\" \/>\n<meta name=\"robots\" content=\"index, follow, max-snippet:-1, max-image-preview:large, max-video-preview:-1\" \/>\n<link rel=\"canonical\" href=\"http:\/\/solvo-world.com\/es\/soluciones\/\" \/>\n<meta property=\"og:locale\" content=\"es_ES\" \/>\n<meta property=\"og:type\" content=\"article\" \/>\n<meta property=\"og:title\" content=\"Soluciones | Solvo World\" \/>\n<meta property=\"og:description\" content=\"Optimiza tu log\u00edstica con las soluciones de SOLVO: gesti\u00f3n de terminales, almacenes y patios con precisi\u00f3n, eficacia y total transparencia.\" \/>\n<meta property=\"og:url\" content=\"http:\/\/solvo-world.com\/es\/soluciones\/\" \/>\n<meta property=\"og:site_name\" content=\"Solvo World\" \/>\n<meta property=\"article:modified_time\" content=\"2025-12-08T03:02:56+00:00\" \/>\n<meta property=\"og:image\" content=\"https:\/\/solvo-world.com\/wp-content\/uploads\/2024\/10\/wonderlane-BqPB1vdg3zw-unsplash.jpg\" \/>\n\t<meta property=\"og:image:width\" content=\"1500\" \/>\n\t<meta property=\"og:image:height\" content=\"1000\" \/>\n\t<meta property=\"og:image:type\" content=\"image\/jpeg\" \/>\n<meta name=\"twitter:card\" content=\"summary_large_image\" \/>\n<meta name=\"twitter:label1\" content=\"Tiempo de lectura\" \/>\n\t<meta name=\"twitter:data1\" content=\"1 minuto\" \/>\n<script type=\"application\/ld+json\" class=\"yoast-schema-graph\">{\"@context\":\"https:\/\/schema.org\",\"@graph\":[{\"@type\":\"WebPage\",\"@id\":\"http:\/\/solvo-world.com\/es\/soluciones\/\",\"url\":\"http:\/\/solvo-world.com\/es\/soluciones\/\",\"name\":\"Soluciones | Solvo World\",\"isPartOf\":{\"@id\":\"http:\/\/solvo-world.com\/es\/#website\"},\"primaryImageOfPage\":{\"@id\":\"http:\/\/solvo-world.com\/es\/soluciones\/#primaryimage\"},\"image\":{\"@id\":\"http:\/\/solvo-world.com\/es\/soluciones\/#primaryimage\"},\"thumbnailUrl\":\"http:\/\/solvo-world.com\/wp-content\/uploads\/2024\/10\/wonderlane-BqPB1vdg3zw-unsplash.jpg\",\"datePublished\":\"2024-07-29T10:47:43+00:00\",\"dateModified\":\"2025-12-08T03:02:56+00:00\",\"description\":\"Optimiza tu log\u00edstica con las soluciones de SOLVO: gesti\u00f3n de terminales, almacenes y patios con precisi\u00f3n, eficacia y total transparencia.\",\"breadcrumb\":{\"@id\":\"http:\/\/solvo-world.com\/es\/soluciones\/#breadcrumb\"},\"inLanguage\":\"es\",\"potentialAction\":[{\"@type\":\"ReadAction\",\"target\":[\"http:\/\/solvo-world.com\/es\/soluciones\/\"]}]},{\"@type\":\"ImageObject\",\"inLanguage\":\"es\",\"@id\":\"http:\/\/solvo-world.com\/es\/soluciones\/#primaryimage\",\"url\":\"http:\/\/solvo-world.com\/wp-content\/uploads\/2024\/10\/wonderlane-BqPB1vdg3zw-unsplash.jpg\",\"contentUrl\":\"http:\/\/solvo-world.com\/wp-content\/uploads\/2024\/10\/wonderlane-BqPB1vdg3zw-unsplash.jpg\",\"width\":1500,\"height\":1000},{\"@type\":\"BreadcrumbList\",\"@id\":\"http:\/\/solvo-world.com\/es\/soluciones\/#breadcrumb\",\"itemListElement\":[{\"@type\":\"ListItem\",\"position\":1,\"name\":\"Inicio\",\"item\":\"https:\/\/solvo-world.com\/es\/\"},{\"@type\":\"ListItem\",\"position\":2,\"name\":\"Soluciones\"}]},{\"@type\":\"WebSite\",\"@id\":\"http:\/\/solvo-world.com\/es\/#website\",\"url\":\"http:\/\/solvo-world.com\/es\/\",\"name\":\"Solvo World\",\"description\":\"\",\"publisher\":{\"@id\":\"http:\/\/solvo-world.com\/es\/#organization\"},\"potentialAction\":[{\"@type\":\"SearchAction\",\"target\":{\"@type\":\"EntryPoint\",\"urlTemplate\":\"http:\/\/solvo-world.com\/es\/?s={search_term_string}\"},\"query-input\":{\"@type\":\"PropertyValueSpecification\",\"valueRequired\":true,\"valueName\":\"search_term_string\"}}],\"inLanguage\":\"es\"},{\"@type\":\"Organization\",\"@id\":\"http:\/\/solvo-world.com\/es\/#organization\",\"name\":\"Solvo World\",\"url\":\"http:\/\/solvo-world.com\/es\/\",\"logo\":{\"@type\":\"ImageObject\",\"inLanguage\":\"es\",\"@id\":\"http:\/\/solvo-world.com\/es\/#\/schema\/logo\/image\/\",\"url\":\"http:\/\/solvo-world.com\/wp-content\/uploads\/2024\/07\/solvo-logo.svg\",\"contentUrl\":\"http:\/\/solvo-world.com\/wp-content\/uploads\/2024\/07\/solvo-logo.svg\",\"width\":149,\"height\":49,\"caption\":\"Solvo World\"},\"image\":{\"@id\":\"http:\/\/solvo-world.com\/es\/#\/schema\/logo\/image\/\"}}]}<\/script>\n<!-- \/ Yoast SEO plugin. -->","yoast_head_json":{"title":"Soluciones | Solvo World","description":"Optimiza tu log\u00edstica con las soluciones de SOLVO: gesti\u00f3n de terminales, almacenes y patios con precisi\u00f3n, eficacia y total transparencia.","robots":{"index":"index","follow":"follow","max-snippet":"max-snippet:-1","max-image-preview":"max-image-preview:large","max-video-preview":"max-video-preview:-1"},"canonical":"http:\/\/solvo-world.com\/es\/soluciones\/","og_locale":"es_ES","og_type":"article","og_title":"Soluciones | Solvo World","og_description":"Optimiza tu log\u00edstica con las soluciones de SOLVO: gesti\u00f3n de terminales, almacenes y patios con precisi\u00f3n, eficacia y total transparencia.","og_url":"http:\/\/solvo-world.com\/es\/soluciones\/","og_site_name":"Solvo World","article_modified_time":"2025-12-08T03:02:56+00:00","og_image":[{"width":1500,"height":1000,"url":"https:\/\/solvo-world.com\/wp-content\/uploads\/2024\/10\/wonderlane-BqPB1vdg3zw-unsplash.jpg","type":"image\/jpeg"}],"twitter_card":"summary_large_image","twitter_misc":{"Tiempo de lectura":"1 minuto"},"schema":{"@context":"https:\/\/schema.org","@graph":[{"@type":"WebPage","@id":"http:\/\/solvo-world.com\/es\/soluciones\/","url":"http:\/\/solvo-world.com\/es\/soluciones\/","name":"Soluciones | Solvo World","isPartOf":{"@id":"http:\/\/solvo-world.com\/es\/#website"},"primaryImageOfPage":{"@id":"http:\/\/solvo-world.com\/es\/soluciones\/#primaryimage"},"image":{"@id":"http:\/\/solvo-world.com\/es\/soluciones\/#primaryimage"},"thumbnailUrl":"http:\/\/solvo-world.com\/wp-content\/uploads\/2024\/10\/wonderlane-BqPB1vdg3zw-unsplash.jpg","datePublished":"2024-07-29T10:47:43+00:00","dateModified":"2025-12-08T03:02:56+00:00","description":"Optimiza tu log\u00edstica con las soluciones de SOLVO: gesti\u00f3n de terminales, almacenes y patios con precisi\u00f3n, eficacia y total transparencia.","breadcrumb":{"@id":"http:\/\/solvo-world.com\/es\/soluciones\/#breadcrumb"},"inLanguage":"es","potentialAction":[{"@type":"ReadAction","target":["http:\/\/solvo-world.com\/es\/soluciones\/"]}]},{"@type":"ImageObject","inLanguage":"es","@id":"http:\/\/solvo-world.com\/es\/soluciones\/#primaryimage","url":"http:\/\/solvo-world.com\/wp-content\/uploads\/2024\/10\/wonderlane-BqPB1vdg3zw-unsplash.jpg","contentUrl":"http:\/\/solvo-world.com\/wp-content\/uploads\/2024\/10\/wonderlane-BqPB1vdg3zw-unsplash.jpg","width":1500,"height":1000},{"@type":"BreadcrumbList","@id":"http:\/\/solvo-world.com\/es\/soluciones\/#breadcrumb","itemListElement":[{"@type":"ListItem","position":1,"name":"Inicio","item":"https:\/\/solvo-world.com\/es\/"},{"@type":"ListItem","position":2,"name":"Soluciones"}]},{"@type":"WebSite","@id":"http:\/\/solvo-world.com\/es\/#website","url":"http:\/\/solvo-world.com\/es\/","name":"Solvo World","description":"","publisher":{"@id":"http:\/\/solvo-world.com\/es\/#organization"},"potentialAction":[{"@type":"SearchAction","target":{"@type":"EntryPoint","urlTemplate":"http:\/\/solvo-world.com\/es\/?s={search_term_string}"},"query-input":{"@type":"PropertyValueSpecification","valueRequired":true,"valueName":"search_term_string"}}],"inLanguage":"es"},{"@type":"Organization","@id":"http:\/\/solvo-world.com\/es\/#organization","name":"Solvo World","url":"http:\/\/solvo-world.com\/es\/","logo":{"@type":"ImageObject","inLanguage":"es","@id":"http:\/\/solvo-world.com\/es\/#\/schema\/logo\/image\/","url":"http:\/\/solvo-world.com\/wp-content\/uploads\/2024\/07\/solvo-logo.svg","contentUrl":"http:\/\/solvo-world.com\/wp-content\/uploads\/2024\/07\/solvo-logo.svg","width":149,"height":49,"caption":"Solvo World"},"image":{"@id":"http:\/\/solvo-world.com\/es\/#\/schema\/logo\/image\/"}}]}},"_links":{"self":[{"href":"http:\/\/solvo-world.com\/es\/wp-json\/wp\/v2\/pages\/1854","targetHints":{"allow":["GET"]}}],"collection":[{"href":"http:\/\/solvo-world.com\/es\/wp-json\/wp\/v2\/pages"}],"about":[{"href":"http:\/\/solvo-world.com\/es\/wp-json\/wp\/v2\/types\/page"}],"author":[{"embeddable":true,"href":"http:\/\/solvo-world.com\/es\/wp-json\/wp\/v2\/users\/1"}],"replies":[{"embeddable":true,"href":"http:\/\/solvo-world.com\/es\/wp-json\/wp\/v2\/comments?post=1854"}],"version-history":[{"count":5,"href":"http:\/\/solvo-world.com\/es\/wp-json\/wp\/v2\/pages\/1854\/revisions"}],"predecessor-version":[{"id":2972,"href":"http:\/\/solvo-world.com\/es\/wp-json\/wp\/v2\/pages\/1854\/revisions\/2972"}],"wp:featuredmedia":[{"embeddable":true,"href":"http:\/\/solvo-world.com\/es\/wp-json\/wp\/v2\/media\/1565"}],"wp:attachment":[{"href":"http:\/\/solvo-world.com\/es\/wp-json\/wp\/v2\/media?parent=1854"}],"curies":[{"name":"wp","href":"https:\/\/api.w.org\/{rel}","templated":true}]}}